{"id":248,"date":"2025-05-06T16:49:10","date_gmt":"2025-05-06T09:49:10","guid":{"rendered":"http:\/\/localhost:8888\/mantisgroup\/?page_id=248"},"modified":"2025-05-22T09:21:21","modified_gmt":"2025-05-22T02:21:21","slug":"lien-he","status":"publish","type":"page","link":"https:\/\/demowp.smartui.vn\/mantisgroup\/lien-he\/","title":{"rendered":"Li\u00ean h\u1ec7"},"content":{"rendered":"<p><strong>C\u00f4ng ty C\u1ed5 ph\u1ea7n T\u1eadp \u0111o\u00e0n Mantis Vi\u1ec7t Nam<\/strong><\/p>\n<p><strong>\u0110\u1ecba ch\u1ec9: <\/strong>39 \u0111\u01b0\u1eddng s\u1ed1 1, kdc B\u00ecnh H\u01b0ng, X\u00e3 B\u00ecnh H\u01b0ng, H.B\u00ecnh Ch\u00e1nh. Tp.HCM<\/p>\n<p><strong>\u0110i\u1ec7n tho\u1ea1i:<\/strong>\u00a0 0901 307 223<\/p>\n<p><strong>Email:<\/strong>\u00a0\u00a0<a href=\"mailto:info@mantis.vn.\">info@mantis.vn.<\/a><\/p>\n<p><iframe loading=\"lazy\" style=\"border: 0;\" src=\"https:\/\/www.google.com\/maps\/embed?pb=!1m18!1m12!1m3!1d3919.887220952554!2d106.64950781450146!3d10.743174592344072!2m3!1f0!2f0!3f0!3m2!1i1024!2i768!4f13.1!3m3!1m2!1s0x31752e60b18ac9a5%3A0x366989728a2687ad!2zMTMgQsO5aSBIdXkgQsOtY2gsIHBoxrDhu51uZyAxMywgUXXhuq1uIDgsIEjhu5MgQ2jDrSBNaW5oLCBWaeG7h3QgTmFt!5e0!3m2!1svi!2s!4v1500266661154\" width=\"100%\" height=\"600\" frameborder=\"0\" allowfullscreen=\"allowfullscreen\"><\/iframe><\/p>\n","protected":false},"excerpt":{"rendered":"<p>C\u00f4ng ty C\u1ed5 ph\u1ea7n T\u1eadp \u0111o\u00e0n Mantis Vi\u1ec7t Nam \u0110\u1ecba ch\u1ec9: 39 \u0111\u01b0\u1eddng s\u1ed1 1, kdc B\u00ecnh H\u01b0ng, X\u00e3 B\u00ecnh H\u01b0ng, H.B\u00ecnh Ch\u00e1nh. Tp.HCM \u0110i\u1ec7n tho\u1ea1i:\u00a0 0901 307 223 Email:\u00a0\u00a0info@mantis.vn.<\/p>\n","protected":false},"author":1,"featured_media":0,"parent":0,"menu_order":0,"comment_status":"closed","ping_status":"closed","template":"","meta":{"footnotes":""},"class_list":["post-248","page","type-page","status-publish","hentry"],"yoast_head":"<!-- This site is optimized with the Yoast SEO plugin v24.6 - https:\/\/yoast.com\/wordpress\/plugins\/seo\/ -->\n<title>Li\u00ean h\u1ec7 - MANTIS Group<\/title>\n<meta name=\"robots\" content=\"noindex, follow, max-snippet:-1, max-image-preview:large, max-video-preview:-1\" \/>\n<meta property=\"og:locale\" content=\"en_US\" \/>\n<meta property=\"og:type\" content=\"article\" \/>\n<meta property=\"og:title\" content=\"Li\u00ean h\u1ec7 - MANTIS Group\" \/>\n<meta property=\"og:description\" content=\"C\u00f4ng ty C\u1ed5 ph\u1ea7n T\u1eadp \u0111o\u00e0n Mantis Vi\u1ec7t Nam \u0110\u1ecba ch\u1ec9: 39 \u0111\u01b0\u1eddng s\u1ed1 1, kdc B\u00ecnh H\u01b0ng, X\u00e3 B\u00ecnh H\u01b0ng, H.B\u00ecnh Ch\u00e1nh. Tp.HCM \u0110i\u1ec7n tho\u1ea1i:\u00a0 0901 307 223 Email:\u00a0\u00a0info@mantis.vn.\" \/>\n<meta property=\"og:url\" content=\"https:\/\/demowp.smartui.vn\/mantisgroup\/lien-he\/\" \/>\n<meta property=\"og:site_name\" content=\"MANTIS Group\" \/>\n<meta property=\"article:modified_time\" content=\"2025-05-22T02:21:21+00:00\" \/>\n<meta name=\"twitter:card\" content=\"summary_large_image\" \/>\n<meta name=\"twitter:label1\" content=\"Est. reading time\" \/>\n\t<meta name=\"twitter:data1\" content=\"1 minute\" \/>\n<script type=\"application\/ld+json\" class=\"yoast-schema-graph\">{\"@context\":\"https:\/\/schema.org\",\"@graph\":[{\"@type\":\"WebPage\",\"@id\":\"https:\/\/demowp.smartui.vn\/mantisgroup\/lien-he\/\",\"url\":\"https:\/\/demowp.smartui.vn\/mantisgroup\/lien-he\/\",\"name\":\"Li\u00ean h\u1ec7 - MANTIS Group\",\"isPartOf\":{\"@id\":\"https:\/\/demowp.smartui.vn\/mantisgroup\/#website\"},\"datePublished\":\"2025-05-06T09:49:10+00:00\",\"dateModified\":\"2025-05-22T02:21:21+00:00\",\"breadcrumb\":{\"@id\":\"https:\/\/demowp.smartui.vn\/mantisgroup\/lien-he\/#breadcrumb\"},\"inLanguage\":\"en-US\",\"potentialAction\":[{\"@type\":\"ReadAction\",\"target\":[\"https:\/\/demowp.smartui.vn\/mantisgroup\/lien-he\/\"]}]},{\"@type\":\"BreadcrumbList\",\"@id\":\"https:\/\/demowp.smartui.vn\/mantisgroup\/lien-he\/#breadcrumb\",\"itemListElement\":[{\"@type\":\"ListItem\",\"position\":1,\"name\":\"Home\",\"item\":\"https:\/\/demowp.smartui.vn\/mantisgroup\/\"},{\"@type\":\"ListItem\",\"position\":2,\"name\":\"Li\u00ean h\u1ec7\"}]},{\"@type\":\"WebSite\",\"@id\":\"https:\/\/demowp.smartui.vn\/mantisgroup\/#website\",\"url\":\"https:\/\/demowp.smartui.vn\/mantisgroup\/\",\"name\":\"MANTIS Group\",\"description\":\"Mantis Group\",\"publisher\":{\"@id\":\"https:\/\/demowp.smartui.vn\/mantisgroup\/#organization\"},\"potentialAction\":[{\"@type\":\"SearchAction\",\"target\":{\"@type\":\"EntryPoint\",\"urlTemplate\":\"https:\/\/demowp.smartui.vn\/mantisgroup\/?s={search_term_string}\"},\"query-input\":{\"@type\":\"PropertyValueSpecification\",\"valueRequired\":true,\"valueName\":\"search_term_string\"}}],\"inLanguage\":\"en-US\"},{\"@type\":\"Organization\",\"@id\":\"https:\/\/demowp.smartui.vn\/mantisgroup\/#organization\",\"name\":\"MANTIS Group\",\"url\":\"https:\/\/demowp.smartui.vn\/mantisgroup\/\",\"logo\":{\"@type\":\"ImageObject\",\"inLanguage\":\"en-US\",\"@id\":\"https:\/\/demowp.smartui.vn\/mantisgroup\/#\/schema\/logo\/image\/\",\"url\":\"https:\/\/demowp.smartui.vn\/mantisgroup\/wp-content\/uploads\/2024\/12\/logo.jpg\",\"contentUrl\":\"https:\/\/demowp.smartui.vn\/mantisgroup\/wp-content\/uploads\/2024\/12\/logo.jpg\",\"width\":156,\"height\":154,\"caption\":\"MANTIS Group\"},\"image\":{\"@id\":\"https:\/\/demowp.smartui.vn\/mantisgroup\/#\/schema\/logo\/image\/\"}}]}<\/script>\n<!-- \/ Yoast SEO plugin. -->","yoast_head_json":{"title":"Li\u00ean h\u1ec7 - MANTIS Group","robots":{"index":"noindex","follow":"follow","max-snippet":"max-snippet:-1","max-image-preview":"max-image-preview:large","max-video-preview":"max-video-preview:-1"},"og_locale":"en_US","og_type":"article","og_title":"Li\u00ean h\u1ec7 - MANTIS Group","og_description":"C\u00f4ng ty C\u1ed5 ph\u1ea7n T\u1eadp \u0111o\u00e0n Mantis Vi\u1ec7t Nam \u0110\u1ecba ch\u1ec9: 39 \u0111\u01b0\u1eddng s\u1ed1 1, kdc B\u00ecnh H\u01b0ng, X\u00e3 B\u00ecnh H\u01b0ng, H.B\u00ecnh Ch\u00e1nh. Tp.HCM \u0110i\u1ec7n tho\u1ea1i:\u00a0 0901 307 223 Email:\u00a0\u00a0info@mantis.vn.","og_url":"https:\/\/demowp.smartui.vn\/mantisgroup\/lien-he\/","og_site_name":"MANTIS Group","article_modified_time":"2025-05-22T02:21:21+00:00","twitter_card":"summary_large_image","twitter_misc":{"Est. reading time":"1 minute"},"schema":{"@context":"https:\/\/schema.org","@graph":[{"@type":"WebPage","@id":"https:\/\/demowp.smartui.vn\/mantisgroup\/lien-he\/","url":"https:\/\/demowp.smartui.vn\/mantisgroup\/lien-he\/","name":"Li\u00ean h\u1ec7 - MANTIS Group","isPartOf":{"@id":"https:\/\/demowp.smartui.vn\/mantisgroup\/#website"},"datePublished":"2025-05-06T09:49:10+00:00","dateModified":"2025-05-22T02:21:21+00:00","breadcrumb":{"@id":"https:\/\/demowp.smartui.vn\/mantisgroup\/lien-he\/#breadcrumb"},"inLanguage":"en-US","potentialAction":[{"@type":"ReadAction","target":["https:\/\/demowp.smartui.vn\/mantisgroup\/lien-he\/"]}]},{"@type":"BreadcrumbList","@id":"https:\/\/demowp.smartui.vn\/mantisgroup\/lien-he\/#breadcrumb","itemListElement":[{"@type":"ListItem","position":1,"name":"Home","item":"https:\/\/demowp.smartui.vn\/mantisgroup\/"},{"@type":"ListItem","position":2,"name":"Li\u00ean h\u1ec7"}]},{"@type":"WebSite","@id":"https:\/\/demowp.smartui.vn\/mantisgroup\/#website","url":"https:\/\/demowp.smartui.vn\/mantisgroup\/","name":"MANTIS Group","description":"Mantis Group","publisher":{"@id":"https:\/\/demowp.smartui.vn\/mantisgroup\/#organization"},"potentialAction":[{"@type":"SearchAction","target":{"@type":"EntryPoint","urlTemplate":"https:\/\/demowp.smartui.vn\/mantisgroup\/?s={search_term_string}"},"query-input":{"@type":"PropertyValueSpecification","valueRequired":true,"valueName":"search_term_string"}}],"inLanguage":"en-US"},{"@type":"Organization","@id":"https:\/\/demowp.smartui.vn\/mantisgroup\/#organization","name":"MANTIS Group","url":"https:\/\/demowp.smartui.vn\/mantisgroup\/","logo":{"@type":"ImageObject","inLanguage":"en-US","@id":"https:\/\/demowp.smartui.vn\/mantisgroup\/#\/schema\/logo\/image\/","url":"https:\/\/demowp.smartui.vn\/mantisgroup\/wp-content\/uploads\/2024\/12\/logo.jpg","contentUrl":"https:\/\/demowp.smartui.vn\/mantisgroup\/wp-content\/uploads\/2024\/12\/logo.jpg","width":156,"height":154,"caption":"MANTIS Group"},"image":{"@id":"https:\/\/demowp.smartui.vn\/mantisgroup\/#\/schema\/logo\/image\/"}}]}},"_links":{"self":[{"href":"https:\/\/demowp.smartui.vn\/mantisgroup\/wp-json\/wp\/v2\/pages\/248","targetHints":{"allow":["GET"]}}],"collection":[{"href":"https:\/\/demowp.smartui.vn\/mantisgroup\/wp-json\/wp\/v2\/pages"}],"about":[{"href":"https:\/\/demowp.smartui.vn\/mantisgroup\/wp-json\/wp\/v2\/types\/page"}],"author":[{"embeddable":true,"href":"https:\/\/demowp.smartui.vn\/mantisgroup\/wp-json\/wp\/v2\/users\/1"}],"replies":[{"embeddable":true,"href":"https:\/\/demowp.smartui.vn\/mantisgroup\/wp-json\/wp\/v2\/comments?post=248"}],"version-history":[{"count":0,"href":"https:\/\/demowp.smartui.vn\/mantisgroup\/wp-json\/wp\/v2\/pages\/248\/revisions"}],"wp:attachment":[{"href":"https:\/\/demowp.smartui.vn\/mantisgroup\/wp-json\/wp\/v2\/media?parent=248"}],"curies":[{"name":"wp","href":"https:\/\/api.w.org\/{rel}","templated":true}]}}