{"id":240,"date":"2025-05-05T15:48:55","date_gmt":"2025-05-05T08:48:55","guid":{"rendered":"http:\/\/localhost:8888\/mantisgroup\/?page_id=240"},"modified":"2025-05-22T09:19:02","modified_gmt":"2025-05-22T02:19:02","slug":"mantis-real","status":"publish","type":"page","link":"https:\/\/demowp.smartui.vn\/mantisgroup\/mantis-real\/","title":{"rendered":"Mantis Real"},"content":{"rendered":"<ol>\n<li><b> L\u0129nh V\u1ef1c Ho\u1ea1t \u0110\u1ed9ng<\/b><\/li>\n<\/ol>\n<p><span style=\"font-weight: 400;\">Mantis Real t\u1eadp trung v\u00e0o c\u00e1c d\u1ecbch v\u1ee5 ch\u00ednh:<\/span><\/p>\n<p><span style=\"font-weight: 400;\">Ph\u00f2ng tr\u1ecd cao c\u1ea5p: Cung c\u1ea5p c\u00e1c ph\u00f2ng tr\u1ecd \u0111\u01b0\u1ee3c thi\u1ebft k\u1ebf hi\u1ec7n \u0111\u1ea1i, \u0111\u1ea7y \u0111\u1ee7 ti\u1ec7n nghi, ph\u00f9 h\u1ee3p v\u1edbi nhu c\u1ea7u c\u1ee7a ng\u01b0\u1eddi tr\u1ebb, sinh vi\u00ean v\u00e0 nh\u1eefng ng\u01b0\u1eddi \u0111i l\u00e0m.<\/span><\/p>\n<p><span style=\"font-weight: 400;\">Ph\u00f2ng tr\u1ecd gi\u00e1 r\u1ebb: Mang \u0111\u1ebfn nh\u1eefng l\u1ef1a ch\u1ecdn nh\u00e0 \u1edf ch\u1ea5t l\u01b0\u1ee3ng v\u1edbi m\u1ee9c gi\u00e1 ph\u1ea3i ch\u0103ng, \u0111\u00e1p \u1ee9ng nhu c\u1ea7u c\u1ee7a \u0111\u1ed1i t\u01b0\u1ee3ng c\u00f3 thu nh\u1eadp th\u1ea5p.<\/span><\/p>\n<p><span style=\"font-weight: 400;\">B\u1ea5t \u0111\u1ed9ng s\u1ea3n: Mua b\u00e1n, cho thu\u00ea v\u00e0 \u0111\u1ea7u t\u01b0 b\u1ea5t \u0111\u1ed9ng s\u1ea3n v\u1edbi c\u00e1c s\u1ea3n ph\u1ea9m nh\u01b0 c\u0103n h\u1ed9 v\u00e0 \u0111\u1ea5t n\u1ec1n.<\/span><\/p>\n<ol start=\"2\">\n<li><b> T\u1ea1i Sao Ch\u1ecdn Mantis Real?<\/b><\/li>\n<\/ol>\n<p><span style=\"font-weight: 400;\">Ch\u1ea5t l\u01b0\u1ee3ng v\u01b0\u1ee3t tr\u1ed9i: T\u1ea5t c\u1ea3 c\u00e1c ph\u00f2ng tr\u1ecd v\u00e0 b\u1ea5t \u0111\u1ed9ng s\u1ea3n do Mantis Real cung c\u1ea5p \u0111\u1ec1u \u0111\u01b0\u1ee3c ki\u1ec3m \u0111\u1ecbnh ch\u1ea5t l\u01b0\u1ee3ng nghi\u00eam ng\u1eb7t, \u0111\u1ea3m b\u1ea3o an to\u00e0n v\u00e0 ti\u1ec7n nghi cho ng\u01b0\u1eddi s\u1eed d\u1ee5ng.<\/span><\/p>\n<p><span style=\"font-weight: 400;\">Gi\u00e1 c\u1ea3 c\u1ea1nh tranh: Mantis Real lu\u00f4n mang \u0111\u1ebfn c\u00e1c gi\u1ea3i ph\u00e1p nh\u00e0 \u1edf ph\u00f9 h\u1ee3p v\u1edbi m\u1ecdi \u0111\u1ed1i t\u01b0\u1ee3ng kh\u00e1ch h\u00e0ng, t\u1eeb ph\u00f2ng tr\u1ecd gi\u00e1 r\u1ebb \u0111\u1ebfn c\u00e1c c\u0103n h\u1ed9 cao c\u1ea5p.<\/span><\/p>\n<p><span style=\"font-weight: 400;\">D\u1ecbch v\u1ee5 chuy\u00ean nghi\u1ec7p: \u0110\u1ed9i ng\u0169 nh\u00e2n vi\u00ean gi\u00e0u kinh nghi\u1ec7m, t\u1eadn t\u00e2m, s\u1eb5n s\u00e0ng h\u1ed7 tr\u1ee3 kh\u00e1ch h\u00e0ng 24\/7.<\/span><\/p>\n<p><span style=\"font-weight: 400;\">Uy t\u00edn h\u00e0ng \u0111\u1ea7u: V\u1edbi nhi\u1ec1u n\u0103m kinh nghi\u1ec7m trong l\u0129nh v\u1ef1c b\u1ea5t \u0111\u1ed9ng s\u1ea3n, Mantis Real \u0111\u00e3 x\u00e2y d\u1ef1ng \u0111\u01b0\u1ee3c th\u01b0\u01a1ng hi\u1ec7u uy t\u00edn v\u00e0 nh\u1eadn \u0111\u01b0\u1ee3c s\u1ef1 tin t\u01b0\u1edfng t\u1eeb h\u00e0ng ngh\u00ecn kh\u00e1ch h\u00e0ng.<\/span><\/p>\n<ol start=\"3\">\n<li><b> Cam K\u1ebft C\u1ee7a Mantis Real<\/b><\/li>\n<\/ol>\n<p><span style=\"font-weight: 400;\">Ch\u1ea5t l\u01b0\u1ee3ng d\u1ecbch v\u1ee5: Lu\u00f4n \u0111\u1eb7t kh\u00e1ch h\u00e0ng l\u00ean h\u00e0ng \u0111\u1ea7u, cam k\u1ebft mang \u0111\u1ebfn tr\u1ea3i nghi\u1ec7m t\u1ed1t nh\u1ea5t.<\/span><\/p>\n<p><span style=\"font-weight: 400;\">Minh b\u1ea1ch trong giao d\u1ecbch: T\u1ea5t c\u1ea3 c\u00e1c th\u00f4ng tin v\u1ec1 gi\u00e1 c\u1ea3, h\u1ee3p \u0111\u1ed3ng \u0111\u1ec1u \u0111\u01b0\u1ee3c c\u00f4ng khai r\u00f5 r\u00e0ng.<\/span><\/p>\n<p><span style=\"font-weight: 400;\">H\u1ed7 tr\u1ee3 t\u1ed1i \u0111a: \u0110\u1ed9i ng\u0169 t\u01b0 v\u1ea5n lu\u00f4n s\u1eb5n s\u00e0ng gi\u1ea3i \u0111\u00e1p m\u1ecdi th\u1eafc m\u1eafc v\u00e0 h\u1ed7 tr\u1ee3 kh\u00e1ch h\u00e0ng trong su\u1ed1t qu\u00e1 tr\u00ecnh s\u1eed d\u1ee5ng d\u1ecbch v\u1ee5.<\/span><\/p>\n<ol start=\"4\">\n<li><b> Quy Tr\u00ecnh L\u00e0m Vi\u1ec7c Chuy\u00ean Nghi\u1ec7p<\/b><\/li>\n<\/ol>\n<p><span style=\"font-weight: 400;\">Mantis Real \u00e1p d\u1ee5ng quy tr\u00ecnh l\u00e0m vi\u1ec7c khoa h\u1ecdc v\u00e0 chuy\u00ean nghi\u1ec7p \u0111\u1ec3 \u0111\u1ea3m b\u1ea3o kh\u00e1ch h\u00e0ng nh\u1eadn \u0111\u01b0\u1ee3c d\u1ecbch v\u1ee5 t\u1ed1t nh\u1ea5t:<\/span><\/p>\n<p><span style=\"font-weight: 400;\">T\u01b0 v\u1ea5n v\u00e0 ti\u1ebfp nh\u1eadn y\u00eau c\u1ea7u: \u0110\u1ed9i ng\u0169 t\u01b0 v\u1ea5n vi\u00ean s\u1ebd l\u1eafng nghe v\u00e0 ph\u00e2n t\u00edch nhu c\u1ea7u c\u1ee7a kh\u00e1ch h\u00e0ng \u0111\u1ec3 \u0111\u01b0a ra gi\u1ea3i ph\u00e1p ph\u00f9 h\u1ee3p.<\/span><\/p>\n<p><span style=\"font-weight: 400;\">Kh\u1ea3o s\u00e1t v\u00e0 \u0111\u00e1nh gi\u00e1: Ti\u1ebfn h\u00e0nh kh\u1ea3o s\u00e1t th\u1ef1c t\u1ebf \u0111\u1ec3 \u0111\u1ea3m b\u1ea3o ch\u1ea5t l\u01b0\u1ee3ng v\u00e0 t\u00ednh kh\u1ea3 thi c\u1ee7a d\u1ef1 \u00e1n.<\/span><\/p>\n<p><span style=\"font-weight: 400;\">K\u00fd k\u1ebft h\u1ee3p \u0111\u1ed3ng: H\u1ee3p \u0111\u1ed3ng \u0111\u01b0\u1ee3c so\u1ea1n th\u1ea3o r\u00f5 r\u00e0ng, minh b\u1ea1ch, \u0111\u1ea3m b\u1ea3o quy\u1ec1n l\u1ee3i c\u1ee7a c\u1ea3 \u0111\u00f4i b\u00ean.<\/span><\/p>\n<p><span style=\"font-weight: 400;\">B\u00e0n giao v\u00e0 h\u1eadu m\u00e3i: Sau khi b\u00e0n giao, Mantis Real v\u1eabn ti\u1ebfp t\u1ee5c \u0111\u1ed3ng h\u00e0nh v\u00e0 h\u1ed7 tr\u1ee3 kh\u00e1ch h\u00e0ng trong su\u1ed1t qu\u00e1 tr\u00ecnh s\u1eed d\u1ee5ng.<\/span><\/p>\n","protected":false},"excerpt":{"rendered":"<p>L\u0129nh V\u1ef1c Ho\u1ea1t \u0110\u1ed9ng Mantis Real t\u1eadp trung v\u00e0o c\u00e1c d\u1ecbch v\u1ee5 ch\u00ednh: Ph\u00f2ng tr\u1ecd cao c\u1ea5p: Cung c\u1ea5p c\u00e1c ph\u00f2ng tr\u1ecd \u0111\u01b0\u1ee3c thi\u1ebft k\u1ebf hi\u1ec7n \u0111\u1ea1i, \u0111\u1ea7y \u0111\u1ee7 ti\u1ec7n&#8230;<\/p>\n","protected":false},"author":1,"featured_media":101,"parent":0,"menu_order":0,"comment_status":"closed","ping_status":"closed","template":"","meta":{"footnotes":""},"class_list":["post-240","page","type-page","status-publish","has-post-thumbnail","hentry"],"yoast_head":"<!-- This site is optimized with the Yoast SEO plugin v24.6 - https:\/\/yoast.com\/wordpress\/plugins\/seo\/ -->\n<title>Mantis Real - MANTIS Group<\/title>\n<meta name=\"robots\" content=\"noindex, follow, max-snippet:-1, max-image-preview:large, max-video-preview:-1\" \/>\n<meta property=\"og:locale\" content=\"en_US\" \/>\n<meta property=\"og:type\" content=\"article\" \/>\n<meta property=\"og:title\" content=\"Mantis Real - MANTIS Group\" \/>\n<meta property=\"og:description\" content=\"L\u0129nh V\u1ef1c Ho\u1ea1t \u0110\u1ed9ng Mantis Real t\u1eadp trung v\u00e0o c\u00e1c d\u1ecbch v\u1ee5 ch\u00ednh: Ph\u00f2ng tr\u1ecd cao c\u1ea5p: Cung c\u1ea5p c\u00e1c ph\u00f2ng tr\u1ecd \u0111\u01b0\u1ee3c thi\u1ebft k\u1ebf hi\u1ec7n \u0111\u1ea1i, \u0111\u1ea7y \u0111\u1ee7 ti\u1ec7n...\" \/>\n<meta property=\"og:url\" content=\"https:\/\/demowp.smartui.vn\/mantisgroup\/mantis-real\/\" \/>\n<meta property=\"og:site_name\" content=\"MANTIS Group\" \/>\n<meta property=\"article:modified_time\" content=\"2025-05-22T02:19:02+00:00\" \/>\n<meta property=\"og:image\" content=\"https:\/\/demowp.smartui.vn\/mantisgroup\/wp-content\/uploads\/2025\/04\/xuong_loa.jpg\" \/>\n\t<meta property=\"og:image:width\" content=\"800\" \/>\n\t<meta property=\"og:image:height\" content=\"595\" \/>\n\t<meta property=\"og:image:type\" content=\"image\/jpeg\" \/>\n<meta name=\"twitter:card\" content=\"summary_large_image\" \/>\n<meta name=\"twitter:label1\" content=\"Est. reading time\" \/>\n\t<meta name=\"twitter:data1\" content=\"3 minutes\" \/>\n<script type=\"application\/ld+json\" class=\"yoast-schema-graph\">{\"@context\":\"https:\/\/schema.org\",\"@graph\":[{\"@type\":\"WebPage\",\"@id\":\"https:\/\/demowp.smartui.vn\/mantisgroup\/mantis-real\/\",\"url\":\"https:\/\/demowp.smartui.vn\/mantisgroup\/mantis-real\/\",\"name\":\"Mantis Real - MANTIS Group\",\"isPartOf\":{\"@id\":\"https:\/\/demowp.smartui.vn\/mantisgroup\/#website\"},\"primaryImageOfPage\":{\"@id\":\"https:\/\/demowp.smartui.vn\/mantisgroup\/mantis-real\/#primaryimage\"},\"image\":{\"@id\":\"https:\/\/demowp.smartui.vn\/mantisgroup\/mantis-real\/#primaryimage\"},\"thumbnailUrl\":\"https:\/\/demowp.smartui.vn\/mantisgroup\/wp-content\/uploads\/2025\/04\/xuong_loa.jpg\",\"datePublished\":\"2025-05-05T08:48:55+00:00\",\"dateModified\":\"2025-05-22T02:19:02+00:00\",\"breadcrumb\":{\"@id\":\"https:\/\/demowp.smartui.vn\/mantisgroup\/mantis-real\/#breadcrumb\"},\"inLanguage\":\"en-US\",\"potentialAction\":[{\"@type\":\"ReadAction\",\"target\":[\"https:\/\/demowp.smartui.vn\/mantisgroup\/mantis-real\/\"]}]},{\"@type\":\"ImageObject\",\"inLanguage\":\"en-US\",\"@id\":\"https:\/\/demowp.smartui.vn\/mantisgroup\/mantis-real\/#primaryimage\",\"url\":\"https:\/\/demowp.smartui.vn\/mantisgroup\/wp-content\/uploads\/2025\/04\/xuong_loa.jpg\",\"contentUrl\":\"https:\/\/demowp.smartui.vn\/mantisgroup\/wp-content\/uploads\/2025\/04\/xuong_loa.jpg\",\"width\":800,\"height\":595},{\"@type\":\"BreadcrumbList\",\"@id\":\"https:\/\/demowp.smartui.vn\/mantisgroup\/mantis-real\/#breadcrumb\",\"itemListElement\":[{\"@type\":\"ListItem\",\"position\":1,\"name\":\"Home\",\"item\":\"https:\/\/demowp.smartui.vn\/mantisgroup\/\"},{\"@type\":\"ListItem\",\"position\":2,\"name\":\"Mantis Real\"}]},{\"@type\":\"WebSite\",\"@id\":\"https:\/\/demowp.smartui.vn\/mantisgroup\/#website\",\"url\":\"https:\/\/demowp.smartui.vn\/mantisgroup\/\",\"name\":\"MANTIS Group\",\"description\":\"Mantis Group\",\"publisher\":{\"@id\":\"https:\/\/demowp.smartui.vn\/mantisgroup\/#organization\"},\"potentialAction\":[{\"@type\":\"SearchAction\",\"target\":{\"@type\":\"EntryPoint\",\"urlTemplate\":\"https:\/\/demowp.smartui.vn\/mantisgroup\/?s={search_term_string}\"},\"query-input\":{\"@type\":\"PropertyValueSpecification\",\"valueRequired\":true,\"valueName\":\"search_term_string\"}}],\"inLanguage\":\"en-US\"},{\"@type\":\"Organization\",\"@id\":\"https:\/\/demowp.smartui.vn\/mantisgroup\/#organization\",\"name\":\"MANTIS Group\",\"url\":\"https:\/\/demowp.smartui.vn\/mantisgroup\/\",\"logo\":{\"@type\":\"ImageObject\",\"inLanguage\":\"en-US\",\"@id\":\"https:\/\/demowp.smartui.vn\/mantisgroup\/#\/schema\/logo\/image\/\",\"url\":\"https:\/\/demowp.smartui.vn\/mantisgroup\/wp-content\/uploads\/2024\/12\/logo.jpg\",\"contentUrl\":\"https:\/\/demowp.smartui.vn\/mantisgroup\/wp-content\/uploads\/2024\/12\/logo.jpg\",\"width\":156,\"height\":154,\"caption\":\"MANTIS Group\"},\"image\":{\"@id\":\"https:\/\/demowp.smartui.vn\/mantisgroup\/#\/schema\/logo\/image\/\"}}]}<\/script>\n<!-- \/ Yoast SEO plugin. -->","yoast_head_json":{"title":"Mantis Real - MANTIS Group","robots":{"index":"noindex","follow":"follow","max-snippet":"max-snippet:-1","max-image-preview":"max-image-preview:large","max-video-preview":"max-video-preview:-1"},"og_locale":"en_US","og_type":"article","og_title":"Mantis Real - MANTIS Group","og_description":"L\u0129nh V\u1ef1c Ho\u1ea1t \u0110\u1ed9ng Mantis Real t\u1eadp trung v\u00e0o c\u00e1c d\u1ecbch v\u1ee5 ch\u00ednh: Ph\u00f2ng tr\u1ecd cao c\u1ea5p: Cung c\u1ea5p c\u00e1c ph\u00f2ng tr\u1ecd \u0111\u01b0\u1ee3c thi\u1ebft k\u1ebf hi\u1ec7n \u0111\u1ea1i, \u0111\u1ea7y \u0111\u1ee7 ti\u1ec7n...","og_url":"https:\/\/demowp.smartui.vn\/mantisgroup\/mantis-real\/","og_site_name":"MANTIS Group","article_modified_time":"2025-05-22T02:19:02+00:00","og_image":[{"width":800,"height":595,"url":"https:\/\/demowp.smartui.vn\/mantisgroup\/wp-content\/uploads\/2025\/04\/xuong_loa.jpg","type":"image\/jpeg"}],"twitter_card":"summary_large_image","twitter_misc":{"Est. reading time":"3 minutes"},"schema":{"@context":"https:\/\/schema.org","@graph":[{"@type":"WebPage","@id":"https:\/\/demowp.smartui.vn\/mantisgroup\/mantis-real\/","url":"https:\/\/demowp.smartui.vn\/mantisgroup\/mantis-real\/","name":"Mantis Real - MANTIS Group","isPartOf":{"@id":"https:\/\/demowp.smartui.vn\/mantisgroup\/#website"},"primaryImageOfPage":{"@id":"https:\/\/demowp.smartui.vn\/mantisgroup\/mantis-real\/#primaryimage"},"image":{"@id":"https:\/\/demowp.smartui.vn\/mantisgroup\/mantis-real\/#primaryimage"},"thumbnailUrl":"https:\/\/demowp.smartui.vn\/mantisgroup\/wp-content\/uploads\/2025\/04\/xuong_loa.jpg","datePublished":"2025-05-05T08:48:55+00:00","dateModified":"2025-05-22T02:19:02+00:00","breadcrumb":{"@id":"https:\/\/demowp.smartui.vn\/mantisgroup\/mantis-real\/#breadcrumb"},"inLanguage":"en-US","potentialAction":[{"@type":"ReadAction","target":["https:\/\/demowp.smartui.vn\/mantisgroup\/mantis-real\/"]}]},{"@type":"ImageObject","inLanguage":"en-US","@id":"https:\/\/demowp.smartui.vn\/mantisgroup\/mantis-real\/#primaryimage","url":"https:\/\/demowp.smartui.vn\/mantisgroup\/wp-content\/uploads\/2025\/04\/xuong_loa.jpg","contentUrl":"https:\/\/demowp.smartui.vn\/mantisgroup\/wp-content\/uploads\/2025\/04\/xuong_loa.jpg","width":800,"height":595},{"@type":"BreadcrumbList","@id":"https:\/\/demowp.smartui.vn\/mantisgroup\/mantis-real\/#breadcrumb","itemListElement":[{"@type":"ListItem","position":1,"name":"Home","item":"https:\/\/demowp.smartui.vn\/mantisgroup\/"},{"@type":"ListItem","position":2,"name":"Mantis Real"}]},{"@type":"WebSite","@id":"https:\/\/demowp.smartui.vn\/mantisgroup\/#website","url":"https:\/\/demowp.smartui.vn\/mantisgroup\/","name":"MANTIS Group","description":"Mantis Group","publisher":{"@id":"https:\/\/demowp.smartui.vn\/mantisgroup\/#organization"},"potentialAction":[{"@type":"SearchAction","target":{"@type":"EntryPoint","urlTemplate":"https:\/\/demowp.smartui.vn\/mantisgroup\/?s={search_term_string}"},"query-input":{"@type":"PropertyValueSpecification","valueRequired":true,"valueName":"search_term_string"}}],"inLanguage":"en-US"},{"@type":"Organization","@id":"https:\/\/demowp.smartui.vn\/mantisgroup\/#organization","name":"MANTIS Group","url":"https:\/\/demowp.smartui.vn\/mantisgroup\/","logo":{"@type":"ImageObject","inLanguage":"en-US","@id":"https:\/\/demowp.smartui.vn\/mantisgroup\/#\/schema\/logo\/image\/","url":"https:\/\/demowp.smartui.vn\/mantisgroup\/wp-content\/uploads\/2024\/12\/logo.jpg","contentUrl":"https:\/\/demowp.smartui.vn\/mantisgroup\/wp-content\/uploads\/2024\/12\/logo.jpg","width":156,"height":154,"caption":"MANTIS Group"},"image":{"@id":"https:\/\/demowp.smartui.vn\/mantisgroup\/#\/schema\/logo\/image\/"}}]}},"_links":{"self":[{"href":"https:\/\/demowp.smartui.vn\/mantisgroup\/wp-json\/wp\/v2\/pages\/240","targetHints":{"allow":["GET"]}}],"collection":[{"href":"https:\/\/demowp.smartui.vn\/mantisgroup\/wp-json\/wp\/v2\/pages"}],"about":[{"href":"https:\/\/demowp.smartui.vn\/mantisgroup\/wp-json\/wp\/v2\/types\/page"}],"author":[{"embeddable":true,"href":"https:\/\/demowp.smartui.vn\/mantisgroup\/wp-json\/wp\/v2\/users\/1"}],"replies":[{"embeddable":true,"href":"https:\/\/demowp.smartui.vn\/mantisgroup\/wp-json\/wp\/v2\/comments?post=240"}],"version-history":[{"count":0,"href":"https:\/\/demowp.smartui.vn\/mantisgroup\/wp-json\/wp\/v2\/pages\/240\/revisions"}],"wp:featuredmedia":[{"embeddable":true,"href":"https:\/\/demowp.smartui.vn\/mantisgroup\/wp-json\/wp\/v2\/media\/101"}],"wp:attachment":[{"href":"https:\/\/demowp.smartui.vn\/mantisgroup\/wp-json\/wp\/v2\/media?parent=240"}],"curies":[{"name":"wp","href":"https:\/\/api.w.org\/{rel}","templated":true}]}}