{"id":239,"date":"2025-05-05T15:48:10","date_gmt":"2025-05-05T08:48:10","guid":{"rendered":"http:\/\/localhost:8888\/mantisgroup\/?page_id=239"},"modified":"2025-05-23T15:04:12","modified_gmt":"2025-05-23T08:04:12","slug":"mantis-tech","status":"publish","type":"page","link":"https:\/\/demowp.smartui.vn\/mantisgroup\/mantis-tech\/","title":{"rendered":"Mantis Tech"},"content":{"rendered":"<p><b>Key Level:<\/b><\/p>\n<ol>\n<li style=\"font-weight: 400;\" aria-level=\"1\"><b>AI (Tr\u00ed tu\u1ec7 nh\u00e2n t\u1ea1o):<\/b>\n<ul>\n<li style=\"font-weight: 400;\" aria-level=\"2\"><b>T\u1ef1 \u0111\u1ed9ng g\u1ee3i \u00fd b\u1ea5t \u0111\u1ed9ng s\u1ea3n v\u00e0 ph\u00f2ng tr\u1ecd:<\/b><span style=\"font-weight: 400;\"> AI ph\u00e2n t\u00edch d\u1eef li\u1ec7u ng\u01b0\u1eddi d\u00f9ng \u0111\u1ec3 \u0111\u01b0a ra nh\u1eefng g\u1ee3i \u00fd ch\u00ednh x\u00e1c v\u1ec1 ph\u00f2ng tr\u1ecd, c\u0103n h\u1ed9 v\u00e0 b\u1ea5t \u0111\u1ed9ng s\u1ea3n ph\u00f9 h\u1ee3p v\u1edbi nhu c\u1ea7u v\u00e0 ng\u00e2n s\u00e1ch.<\/span><\/li>\n<li style=\"font-weight: 400;\" aria-level=\"2\"><b>Ph\u00e2n t\u00edch d\u1eef li\u1ec7u x\u00e2y d\u1ef1ng:<\/b><span style=\"font-weight: 400;\"> AI gi\u00fap ph\u00e2n t\u00edch xu h\u01b0\u1edbng v\u00e0 d\u1ef1 \u0111o\u00e1n c\u00e1c y\u00eau c\u1ea7u trong ng\u00e0nh x\u00e2y d\u1ef1ng, t\u1ed1i \u01b0u h\u00f3a qu\u00e1 tr\u00ecnh qu\u1ea3n l\u00fd d\u1ef1 \u00e1n v\u00e0 \u0111\u01b0a ra c\u00e1c khuy\u1ebfn ngh\u1ecb d\u1ef1a tr\u00ean d\u1eef li\u1ec7u th\u1ef1c t\u1ebf.<\/span><\/li>\n<\/ul>\n<\/li>\n<li style=\"font-weight: 400;\" aria-level=\"1\"><b>VR (Th\u1ef1c t\u1ebf \u1ea3o):<\/b>\n<ul>\n<li style=\"font-weight: 400;\" aria-level=\"2\"><b>Tham quan b\u1ea5t \u0111\u1ed9ng s\u1ea3n v\u00e0 ph\u00f2ng tr\u1ecd qua VR:<\/b><span style=\"font-weight: 400;\"> Cung c\u1ea5p tr\u1ea3i nghi\u1ec7m tham quan \u1ea3o c\u00e1c ph\u00f2ng tr\u1ecd, c\u0103n h\u1ed9 v\u00e0 b\u1ea5t \u0111\u1ed9ng s\u1ea3n kh\u00e1c, gi\u00fap kh\u00e1ch h\u00e0ng c\u1ea3m nh\u1eadn kh\u00f4ng gian m\u1ed9t c\u00e1ch ch\u00e2n th\u1ef1c m\u00e0 kh\u00f4ng c\u1ea7n ph\u1ea3i \u0111\u1ebfn tr\u1ef1c ti\u1ebfp.<\/span><\/li>\n<li style=\"font-weight: 400;\" aria-level=\"2\"><b>M\u00f4 ph\u1ecfng c\u00f4ng tr\u00ecnh x\u00e2y d\u1ef1ng:<\/b><span style=\"font-weight: 400;\"> VR h\u1ed7 tr\u1ee3 c\u00e1c nh\u00e0 th\u1ea7u v\u00e0 ki\u1ebfn tr\u00fac s\u01b0 trong vi\u1ec7c tr\u00ecnh b\u00e0y v\u00e0 m\u00f4 ph\u1ecfng c\u00e1c c\u00f4ng tr\u00ecnh x\u00e2y d\u1ef1ng, gi\u00fap kh\u00e1ch h\u00e0ng ho\u1eb7c c\u00e1c b\u00ean li\u00ean quan d\u1ec5 d\u00e0ng h\u00ecnh dung thi\u1ebft k\u1ebf tr\u01b0\u1edbc khi thi c\u00f4ng.<\/span><\/li>\n<li style=\"font-weight: 400;\" aria-level=\"2\"><b>M\u00f4 ph\u1ecfng t\u00ecnh hu\u1ed1ng ph\u00f2ng ch\u00e1y ch\u1eefa ch\u00e1y:<\/b><span style=\"font-weight: 400;\"> Cung c\u1ea5p c\u00e1c t\u00ecnh hu\u1ed1ng kh\u1ea9n c\u1ea5p v\u1ec1 ph\u00f2ng ch\u00e1y ch\u1eefa ch\u00e1y trong m\u00f4i tr\u01b0\u1eddng VR, gi\u00fap ng\u01b0\u1eddi d\u00f9ng th\u1ef1c h\u00e0nh k\u1ef9 n\u0103ng \u1ee9ng ph\u00f3 trong c\u00e1c t\u00ecnh hu\u1ed1ng nguy hi\u1ec3m.<\/span><\/li>\n<\/ul>\n<\/li>\n<li style=\"font-weight: 400;\" aria-level=\"1\"><b>AR (Th\u1ef1c t\u1ebf t\u0103ng c\u01b0\u1eddng):<\/b>\n<ul>\n<li style=\"font-weight: 400;\" aria-level=\"2\"><b>T\u0103ng c\u01b0\u1eddng tr\u1ea3i nghi\u1ec7m b\u1ea5t \u0111\u1ed9ng s\u1ea3n:<\/b><span style=\"font-weight: 400;\"> AR cho ph\u00e9p ng\u01b0\u1eddi d\u00f9ng xem th\u00f4ng tin chi ti\u1ebft v\u1ec1 b\u1ea5t \u0111\u1ed9ng s\u1ea3n v\u00e0 ph\u00f2ng tr\u1ecd, t\u01b0\u01a1ng t\u00e1c v\u1edbi c\u00e1c m\u00f4 h\u00ecnh 3D, v\u00e0 th\u1eed nghi\u1ec7m vi\u1ec7c b\u00e0i tr\u00ed n\u1ed9i th\u1ea5t ngay trong kh\u00f4ng gian th\u1ef1c t\u1ebf c\u1ee7a h\u1ecd.<\/span><\/li>\n<li style=\"font-weight: 400;\" aria-level=\"2\"><b>Thi\u1ebft k\u1ebf c\u00f4ng tr\u00ecnh x\u00e2y d\u1ef1ng b\u1eb1ng AR:<\/b><span style=\"font-weight: 400;\"> AR gi\u00fap c\u00e1c ki\u1ebfn tr\u00fac s\u01b0 v\u00e0 k\u1ef9 s\u01b0 trong vi\u1ec7c xem v\u00e0 ch\u1ec9nh s\u1eeda thi\u1ebft k\u1ebf c\u00f4ng tr\u00ecnh tr\u1ef1c ti\u1ebfp trong kh\u00f4ng gian th\u1ef1c, t\u1ed1i \u01b0u h\u00f3a qu\u00e1 tr\u00ecnh x\u00e2y d\u1ef1ng v\u00e0 gi\u1ea3m thi\u1ec3u sai s\u00f3t.<\/span><\/li>\n<li style=\"font-weight: 400;\" aria-level=\"2\"><b>H\u01b0\u1edbng d\u1eabn an to\u00e0n ph\u00f2ng ch\u00e1y ch\u1eefa ch\u00e1y:<\/b><span style=\"font-weight: 400;\"> AR cung c\u1ea5p c\u00e1c b\u00e0i hu\u1ea5n luy\u1ec7n t\u01b0\u01a1ng t\u00e1c v\u1ec1 ph\u00f2ng ch\u00e1y ch\u1eefa ch\u00e1y, gi\u00fap ng\u01b0\u1eddi d\u00f9ng nh\u1eadn di\u1ec7n nguy c\u01a1 v\u00e0 th\u1ef1c hi\u1ec7n c\u00e1c b\u01b0\u1edbc \u1ee9ng ph\u00f3 kh\u1ea9n c\u1ea5p m\u1ed9t c\u00e1ch d\u1ec5 d\u00e0ng v\u00e0 hi\u1ec7u qu\u1ea3.<\/span><\/li>\n<\/ul>\n<\/li>\n<li style=\"font-weight: 400;\" aria-level=\"1\"><b>Gi\u1ea3i ph\u00e1p t\u1ed5ng th\u1ec3:<\/b>\n<ul>\n<li style=\"font-weight: 400;\" aria-level=\"2\"><b>N\u1ec1n t\u1ea3ng b\u1ea5t \u0111\u1ed9ng s\u1ea3n v\u00e0 x\u00e2y d\u1ef1ng tr\u1ef1c tuy\u1ebfn:<\/b><span style=\"font-weight: 400;\"> T\u00edch h\u1ee3p c\u00e1c c\u00f4ng ngh\u1ec7 AI, VR v\u00e0 AR trong m\u1ed9t n\u1ec1n t\u1ea3ng duy nh\u1ea5t \u0111\u1ec3 ng\u01b0\u1eddi d\u00f9ng c\u00f3 th\u1ec3 t\u00ecm ki\u1ebfm, tham quan, \u0111\u00e1nh gi\u00e1 b\u1ea5t \u0111\u1ed9ng s\u1ea3n, \u0111\u1ed3ng th\u1eddi t\u1ed1i \u01b0u h\u00f3a qu\u00e1 tr\u00ecnh x\u00e2y d\u1ef1ng v\u00e0 qu\u1ea3n l\u00fd d\u1ef1 \u00e1n.<\/span><\/li>\n<li style=\"font-weight: 400;\" aria-level=\"2\"><b>M\u00f4 ph\u1ecfng v\u00e0 hu\u1ea5n luy\u1ec7n an to\u00e0n:<\/b><span style=\"font-weight: 400;\"> Cung c\u1ea5p c\u00e1c m\u00f4 ph\u1ecfng ph\u00f2ng ch\u00e1y ch\u1eefa ch\u00e1y v\u00e0 hu\u1ea5n luy\u1ec7n an to\u00e0n cho ng\u01b0\u1eddi d\u00e2n, c\u00f4ng nh\u00e2n v\u00e0 nh\u00e2n vi\u00ean, gi\u00fap t\u0103ng c\u01b0\u1eddng kh\u1ea3 n\u0103ng \u1ee9ng ph\u00f3 trong tr\u01b0\u1eddng h\u1ee3p kh\u1ea9n c\u1ea5p.<\/span><\/li>\n<\/ul>\n<\/li>\n<\/ol>\n<p>&nbsp;<\/p>\n","protected":false},"excerpt":{"rendered":"<p>Key Level: AI (Tr\u00ed tu\u1ec7 nh\u00e2n t\u1ea1o): T\u1ef1 \u0111\u1ed9ng g\u1ee3i \u00fd b\u1ea5t \u0111\u1ed9ng s\u1ea3n v\u00e0 ph\u00f2ng tr\u1ecd: AI ph\u00e2n t\u00edch d\u1eef li\u1ec7u ng\u01b0\u1eddi d\u00f9ng \u0111\u1ec3 \u0111\u01b0a ra nh\u1eefng g\u1ee3i \u00fd&#8230;<\/p>\n","protected":false},"author":1,"featured_media":321,"parent":0,"menu_order":0,"comment_status":"closed","ping_status":"closed","template":"","meta":{"footnotes":""},"class_list":["post-239","page","type-page","status-publish","has-post-thumbnail","hentry"],"yoast_head":"<!-- This site is optimized with the Yoast SEO plugin v24.6 - https:\/\/yoast.com\/wordpress\/plugins\/seo\/ -->\n<title>Mantis Tech - MANTIS Group<\/title>\n<meta name=\"robots\" content=\"noindex, follow, max-snippet:-1, max-image-preview:large, max-video-preview:-1\" \/>\n<meta property=\"og:locale\" content=\"en_US\" \/>\n<meta property=\"og:type\" content=\"article\" \/>\n<meta property=\"og:title\" content=\"Mantis Tech - MANTIS Group\" \/>\n<meta property=\"og:description\" content=\"Key Level: AI (Tr\u00ed tu\u1ec7 nh\u00e2n t\u1ea1o): T\u1ef1 \u0111\u1ed9ng g\u1ee3i \u00fd b\u1ea5t \u0111\u1ed9ng s\u1ea3n v\u00e0 ph\u00f2ng tr\u1ecd: AI ph\u00e2n t\u00edch d\u1eef li\u1ec7u ng\u01b0\u1eddi d\u00f9ng \u0111\u1ec3 \u0111\u01b0a ra nh\u1eefng g\u1ee3i \u00fd...\" \/>\n<meta property=\"og:url\" content=\"https:\/\/demowp.smartui.vn\/mantisgroup\/mantis-tech\/\" \/>\n<meta property=\"og:site_name\" content=\"MANTIS Group\" \/>\n<meta property=\"article:modified_time\" content=\"2025-05-23T08:04:12+00:00\" \/>\n<meta property=\"og:image\" content=\"https:\/\/demowp.smartui.vn\/mantisgroup\/wp-content\/uploads\/2025\/05\/mantis-tech.jpg\" \/>\n\t<meta property=\"og:image:width\" content=\"1920\" \/>\n\t<meta property=\"og:image:height\" content=\"1080\" \/>\n\t<meta property=\"og:image:type\" content=\"image\/jpeg\" \/>\n<meta name=\"twitter:card\" content=\"summary_large_image\" \/>\n<meta name=\"twitter:label1\" content=\"Est. reading time\" \/>\n\t<meta name=\"twitter:data1\" content=\"3 minutes\" \/>\n<script type=\"application\/ld+json\" class=\"yoast-schema-graph\">{\"@context\":\"https:\/\/schema.org\",\"@graph\":[{\"@type\":\"WebPage\",\"@id\":\"https:\/\/demowp.smartui.vn\/mantisgroup\/mantis-tech\/\",\"url\":\"https:\/\/demowp.smartui.vn\/mantisgroup\/mantis-tech\/\",\"name\":\"Mantis Tech - MANTIS Group\",\"isPartOf\":{\"@id\":\"https:\/\/demowp.smartui.vn\/mantisgroup\/#website\"},\"primaryImageOfPage\":{\"@id\":\"https:\/\/demowp.smartui.vn\/mantisgroup\/mantis-tech\/#primaryimage\"},\"image\":{\"@id\":\"https:\/\/demowp.smartui.vn\/mantisgroup\/mantis-tech\/#primaryimage\"},\"thumbnailUrl\":\"https:\/\/demowp.smartui.vn\/mantisgroup\/wp-content\/uploads\/2025\/05\/mantis-tech.jpg\",\"datePublished\":\"2025-05-05T08:48:10+00:00\",\"dateModified\":\"2025-05-23T08:04:12+00:00\",\"breadcrumb\":{\"@id\":\"https:\/\/demowp.smartui.vn\/mantisgroup\/mantis-tech\/#breadcrumb\"},\"inLanguage\":\"en-US\",\"potentialAction\":[{\"@type\":\"ReadAction\",\"target\":[\"https:\/\/demowp.smartui.vn\/mantisgroup\/mantis-tech\/\"]}]},{\"@type\":\"ImageObject\",\"inLanguage\":\"en-US\",\"@id\":\"https:\/\/demowp.smartui.vn\/mantisgroup\/mantis-tech\/#primaryimage\",\"url\":\"https:\/\/demowp.smartui.vn\/mantisgroup\/wp-content\/uploads\/2025\/05\/mantis-tech.jpg\",\"contentUrl\":\"https:\/\/demowp.smartui.vn\/mantisgroup\/wp-content\/uploads\/2025\/05\/mantis-tech.jpg\",\"width\":1920,\"height\":1080},{\"@type\":\"BreadcrumbList\",\"@id\":\"https:\/\/demowp.smartui.vn\/mantisgroup\/mantis-tech\/#breadcrumb\",\"itemListElement\":[{\"@type\":\"ListItem\",\"position\":1,\"name\":\"Home\",\"item\":\"https:\/\/demowp.smartui.vn\/mantisgroup\/\"},{\"@type\":\"ListItem\",\"position\":2,\"name\":\"Mantis Tech\"}]},{\"@type\":\"WebSite\",\"@id\":\"https:\/\/demowp.smartui.vn\/mantisgroup\/#website\",\"url\":\"https:\/\/demowp.smartui.vn\/mantisgroup\/\",\"name\":\"MANTIS Group\",\"description\":\"Mantis Group\",\"publisher\":{\"@id\":\"https:\/\/demowp.smartui.vn\/mantisgroup\/#organization\"},\"potentialAction\":[{\"@type\":\"SearchAction\",\"target\":{\"@type\":\"EntryPoint\",\"urlTemplate\":\"https:\/\/demowp.smartui.vn\/mantisgroup\/?s={search_term_string}\"},\"query-input\":{\"@type\":\"PropertyValueSpecification\",\"valueRequired\":true,\"valueName\":\"search_term_string\"}}],\"inLanguage\":\"en-US\"},{\"@type\":\"Organization\",\"@id\":\"https:\/\/demowp.smartui.vn\/mantisgroup\/#organization\",\"name\":\"MANTIS Group\",\"url\":\"https:\/\/demowp.smartui.vn\/mantisgroup\/\",\"logo\":{\"@type\":\"ImageObject\",\"inLanguage\":\"en-US\",\"@id\":\"https:\/\/demowp.smartui.vn\/mantisgroup\/#\/schema\/logo\/image\/\",\"url\":\"https:\/\/demowp.smartui.vn\/mantisgroup\/wp-content\/uploads\/2024\/12\/logo.jpg\",\"contentUrl\":\"https:\/\/demowp.smartui.vn\/mantisgroup\/wp-content\/uploads\/2024\/12\/logo.jpg\",\"width\":156,\"height\":154,\"caption\":\"MANTIS Group\"},\"image\":{\"@id\":\"https:\/\/demowp.smartui.vn\/mantisgroup\/#\/schema\/logo\/image\/\"}}]}<\/script>\n<!-- \/ Yoast SEO plugin. -->","yoast_head_json":{"title":"Mantis Tech - MANTIS Group","robots":{"index":"noindex","follow":"follow","max-snippet":"max-snippet:-1","max-image-preview":"max-image-preview:large","max-video-preview":"max-video-preview:-1"},"og_locale":"en_US","og_type":"article","og_title":"Mantis Tech - MANTIS Group","og_description":"Key Level: AI (Tr\u00ed tu\u1ec7 nh\u00e2n t\u1ea1o): T\u1ef1 \u0111\u1ed9ng g\u1ee3i \u00fd b\u1ea5t \u0111\u1ed9ng s\u1ea3n v\u00e0 ph\u00f2ng tr\u1ecd: AI ph\u00e2n t\u00edch d\u1eef li\u1ec7u ng\u01b0\u1eddi d\u00f9ng \u0111\u1ec3 \u0111\u01b0a ra nh\u1eefng g\u1ee3i \u00fd...","og_url":"https:\/\/demowp.smartui.vn\/mantisgroup\/mantis-tech\/","og_site_name":"MANTIS Group","article_modified_time":"2025-05-23T08:04:12+00:00","og_image":[{"width":1920,"height":1080,"url":"https:\/\/demowp.smartui.vn\/mantisgroup\/wp-content\/uploads\/2025\/05\/mantis-tech.jpg","type":"image\/jpeg"}],"twitter_card":"summary_large_image","twitter_misc":{"Est. reading time":"3 minutes"},"schema":{"@context":"https:\/\/schema.org","@graph":[{"@type":"WebPage","@id":"https:\/\/demowp.smartui.vn\/mantisgroup\/mantis-tech\/","url":"https:\/\/demowp.smartui.vn\/mantisgroup\/mantis-tech\/","name":"Mantis Tech - MANTIS Group","isPartOf":{"@id":"https:\/\/demowp.smartui.vn\/mantisgroup\/#website"},"primaryImageOfPage":{"@id":"https:\/\/demowp.smartui.vn\/mantisgroup\/mantis-tech\/#primaryimage"},"image":{"@id":"https:\/\/demowp.smartui.vn\/mantisgroup\/mantis-tech\/#primaryimage"},"thumbnailUrl":"https:\/\/demowp.smartui.vn\/mantisgroup\/wp-content\/uploads\/2025\/05\/mantis-tech.jpg","datePublished":"2025-05-05T08:48:10+00:00","dateModified":"2025-05-23T08:04:12+00:00","breadcrumb":{"@id":"https:\/\/demowp.smartui.vn\/mantisgroup\/mantis-tech\/#breadcrumb"},"inLanguage":"en-US","potentialAction":[{"@type":"ReadAction","target":["https:\/\/demowp.smartui.vn\/mantisgroup\/mantis-tech\/"]}]},{"@type":"ImageObject","inLanguage":"en-US","@id":"https:\/\/demowp.smartui.vn\/mantisgroup\/mantis-tech\/#primaryimage","url":"https:\/\/demowp.smartui.vn\/mantisgroup\/wp-content\/uploads\/2025\/05\/mantis-tech.jpg","contentUrl":"https:\/\/demowp.smartui.vn\/mantisgroup\/wp-content\/uploads\/2025\/05\/mantis-tech.jpg","width":1920,"height":1080},{"@type":"BreadcrumbList","@id":"https:\/\/demowp.smartui.vn\/mantisgroup\/mantis-tech\/#breadcrumb","itemListElement":[{"@type":"ListItem","position":1,"name":"Home","item":"https:\/\/demowp.smartui.vn\/mantisgroup\/"},{"@type":"ListItem","position":2,"name":"Mantis Tech"}]},{"@type":"WebSite","@id":"https:\/\/demowp.smartui.vn\/mantisgroup\/#website","url":"https:\/\/demowp.smartui.vn\/mantisgroup\/","name":"MANTIS Group","description":"Mantis Group","publisher":{"@id":"https:\/\/demowp.smartui.vn\/mantisgroup\/#organization"},"potentialAction":[{"@type":"SearchAction","target":{"@type":"EntryPoint","urlTemplate":"https:\/\/demowp.smartui.vn\/mantisgroup\/?s={search_term_string}"},"query-input":{"@type":"PropertyValueSpecification","valueRequired":true,"valueName":"search_term_string"}}],"inLanguage":"en-US"},{"@type":"Organization","@id":"https:\/\/demowp.smartui.vn\/mantisgroup\/#organization","name":"MANTIS Group","url":"https:\/\/demowp.smartui.vn\/mantisgroup\/","logo":{"@type":"ImageObject","inLanguage":"en-US","@id":"https:\/\/demowp.smartui.vn\/mantisgroup\/#\/schema\/logo\/image\/","url":"https:\/\/demowp.smartui.vn\/mantisgroup\/wp-content\/uploads\/2024\/12\/logo.jpg","contentUrl":"https:\/\/demowp.smartui.vn\/mantisgroup\/wp-content\/uploads\/2024\/12\/logo.jpg","width":156,"height":154,"caption":"MANTIS Group"},"image":{"@id":"https:\/\/demowp.smartui.vn\/mantisgroup\/#\/schema\/logo\/image\/"}}]}},"_links":{"self":[{"href":"https:\/\/demowp.smartui.vn\/mantisgroup\/wp-json\/wp\/v2\/pages\/239","targetHints":{"allow":["GET"]}}],"collection":[{"href":"https:\/\/demowp.smartui.vn\/mantisgroup\/wp-json\/wp\/v2\/pages"}],"about":[{"href":"https:\/\/demowp.smartui.vn\/mantisgroup\/wp-json\/wp\/v2\/types\/page"}],"author":[{"embeddable":true,"href":"https:\/\/demowp.smartui.vn\/mantisgroup\/wp-json\/wp\/v2\/users\/1"}],"replies":[{"embeddable":true,"href":"https:\/\/demowp.smartui.vn\/mantisgroup\/wp-json\/wp\/v2\/comments?post=239"}],"version-history":[{"count":0,"href":"https:\/\/demowp.smartui.vn\/mantisgroup\/wp-json\/wp\/v2\/pages\/239\/revisions"}],"wp:featuredmedia":[{"embeddable":true,"href":"https:\/\/demowp.smartui.vn\/mantisgroup\/wp-json\/wp\/v2\/media\/321"}],"wp:attachment":[{"href":"https:\/\/demowp.smartui.vn\/mantisgroup\/wp-json\/wp\/v2\/media?parent=239"}],"curies":[{"name":"wp","href":"https:\/\/api.w.org\/{rel}","templated":true}]}}