{"id":237,"date":"2025-05-05T15:47:14","date_gmt":"2025-05-05T08:47:14","guid":{"rendered":"http:\/\/localhost:8888\/mantisgroup\/?page_id=237"},"modified":"2025-05-22T09:16:38","modified_gmt":"2025-05-22T02:16:38","slug":"mantis-audio","status":"publish","type":"page","link":"https:\/\/demowp.smartui.vn\/mantisgroup\/mantis-audio\/","title":{"rendered":"Mantis Audio"},"content":{"rendered":"<p><b>S\u1ea3n ph\u1ea9m v\u00e0 d\u1ecbch v\u1ee5:<\/b><\/p>\n<ul>\n<li style=\"font-weight: 400;\" aria-level=\"1\"><b>Loa Karaoke Chuy\u00ean Nghi\u1ec7p:<\/b><\/li>\n<\/ul>\n<p><span style=\"font-weight: 400;\">Ch\u00fang t\u00f4i chuy\u00ean cung c\u1ea5p \u0111a d\u1ea1ng c\u00e1c d\u00f2ng loa karaoke t\u1eeb ph\u1ed5 th\u00f4ng \u0111\u1ebfn cao c\u1ea5p, v\u1edbi c\u00f4ng su\u1ea5t m\u1ea1nh m\u1ebd, ch\u1ea5t \u00e2m trung th\u1ef1c v\u00e0 kh\u1ea3 n\u0103ng t\u00e1i t\u1ea1o \u00e2m thanh s\u1ed1ng \u0111\u1ed9ng. Thi\u1ebft k\u1ebf hi\u1ec7n \u0111\u1ea1i, sang tr\u1ecdng, ph\u00f9 h\u1ee3p v\u1edbi m\u1ecdi kh\u00f4ng gian. T\u00edch h\u1ee3p nhi\u1ec1u t\u00ednh n\u0103ng ti\u1ec7n \u00edch nh\u01b0 k\u1ebft n\u1ed1i Bluetooth, USB, v\u00e0 kh\u1ea3 n\u0103ng \u0111i\u1ec1u ch\u1ec9nh \u00e2m thanh linh ho\u1ea1t.<\/span><\/p>\n<ul>\n<li style=\"font-weight: 400;\" aria-level=\"1\"><b>D\u1ecbch V\u1ee5 T\u01b0 V\u1ea5n v\u00e0 H\u1ed7 Tr\u1ee3 Chuy\u00ean Nghi\u1ec7p:<\/b><\/li>\n<\/ul>\n<p><span style=\"font-weight: 400;\">\u0110\u1ed9i ng\u0169 chuy\u00ean vi\u00ean gi\u00e0u kinh nghi\u1ec7m c\u1ee7a ch\u00fang t\u00f4i lu\u00f4n s\u1eb5n s\u00e0ng t\u01b0 v\u1ea5n v\u00e0 h\u1ed7 tr\u1ee3 kh\u00e1ch h\u00e0ng l\u1ef1a ch\u1ecdn s\u1ea3n ph\u1ea9m ph\u00f9 h\u1ee3p nh\u1ea5t. D\u1ecbch v\u1ee5 h\u1eadu m\u00e3i chu \u0111\u00e1o, b\u1ea3o h\u00e0nh t\u1eadn t\u00e2m, \u0111\u1ea3m b\u1ea3o s\u1ef1 h\u00e0i l\u00f2ng tuy\u1ec7t \u0111\u1ed1i cho kh\u00e1ch h\u00e0ng.<\/span><\/p>\n<ul>\n<li aria-level=\"1\"><b>H\u1ec7 th\u1ed1ng \u00e2m thanh gia \u0111\u00ecnh cao c\u1ea5p:<\/b><\/li>\n<\/ul>\n<p><span style=\"font-weight: 400;\">Ngo\u00e0i loa karaoke v\u00e0 loa th\u00f4ng minh, Mantis Audio c\u00f2n cung c\u1ea5p c\u00e1c h\u1ec7 th\u1ed1ng \u00e2m thanh gia \u0111\u00ecnh ho\u00e0n ch\u1ec9nh. C\u00e1c s\u1ea3n ph\u1ea9m n\u00e0y \u0111\u01b0\u1ee3c thi\u1ebft k\u1ebf \u0111\u1ec3 mang l\u1ea1i tr\u1ea3i nghi\u1ec7m \u00e2m thanh ph\u00f9 h\u1ee3p cho vi\u1ec7c nghe nh\u1ea1c, xem phim v\u00e0 gi\u1ea3i tr\u00ed t\u1ea1i gia \u0111\u00ecnh.<\/span><\/p>\n<p><b>Cam k\u1ebft c\u1ee7a Mantis Audio<\/b><\/p>\n<p><b>Ch\u1ea5t l\u01b0\u1ee3ng:<\/b><span style=\"font-weight: 400;\"> Ch\u00fang t\u00f4i cam k\u1ebft mang \u0111\u1ebfn nh\u1eefng s\u1ea3n ph\u1ea9m ch\u1ea5t l\u01b0\u1ee3ng cao, \u0111\u01b0\u1ee3c s\u1ea3n xu\u1ea5t tr\u00ean d\u00e2y chuy\u1ec1n c\u00f4ng ngh\u1ec7 hi\u1ec7n \u0111\u1ea1i v\u00e0 ki\u1ec3m tra nghi\u00eam ng\u1eb7t.<\/span><\/p>\n<p><b>Thi\u1ebft k\u1ebf s\u00e1ng t\u1ea1o:<\/b><span style=\"font-weight: 400;\"> C\u00e1c s\u1ea3n ph\u1ea9m c\u1ee7a Mantis Audio lu\u00f4n \u0111\u01b0\u1ee3c ch\u00fa tr\u1ecdng v\u1ec1 thi\u1ebft k\u1ebf, \u0111\u1ea3m b\u1ea3o t\u00ednh th\u1ea9m m\u1ef9 v\u00e0 s\u1ef1 ti\u1ec7n d\u1ee5ng.<\/span><\/p>\n<p><b>Gi\u00e1 c\u1ea3 c\u1ea1nh tranh:<\/b><span style=\"font-weight: 400;\"> Ch\u00fang t\u00f4i cung c\u1ea5p c\u00e1c s\u1ea3n ph\u1ea9m v\u1edbi m\u1ee9c gi\u00e1 h\u1ee3p l\u00fd, ph\u00f9 h\u1ee3p v\u1edbi t\u00fai ti\u1ec1n c\u1ee7a m\u1ecdi kh\u00e1ch h\u00e0ng.<\/span><\/p>\n<p><b>D\u1ecbch v\u1ee5 t\u1eadn t\u00e2m:<\/b><span style=\"font-weight: 400;\"> S\u1ef1 h\u00e0i l\u00f2ng c\u1ee7a kh\u00e1ch h\u00e0ng l\u00e0 \u01b0u ti\u00ean h\u00e0ng \u0111\u1ea7u c\u1ee7a ch\u00fang t\u00f4i.<\/span><\/p>\n<p><b>Th\u00f4ng tin li\u00ean h\u1ec7:<\/b><\/p>\n<ul>\n<li style=\"font-weight: 400;\" aria-level=\"1\"><span style=\"font-weight: 400;\">Website: mantis.vn<\/span><\/li>\n<li style=\"font-weight: 400;\" aria-level=\"1\"><span style=\"font-weight: 400;\">Fanpage Facebook: Mantis Vi\u1ec7t Nam\u00a0<\/span><\/li>\n<li style=\"font-weight: 400;\" aria-level=\"1\"><span style=\"font-weight: 400;\">Hotline: 0901307223<\/span><\/li>\n<li style=\"font-weight: 400;\" aria-level=\"1\"><span style=\"font-weight: 400;\">Gmail: info@mantis.vn<\/span><\/li>\n<\/ul>\n","protected":false},"excerpt":{"rendered":"<p>S\u1ea3n ph\u1ea9m v\u00e0 d\u1ecbch v\u1ee5: Loa Karaoke Chuy\u00ean Nghi\u1ec7p: Ch\u00fang t\u00f4i chuy\u00ean cung c\u1ea5p \u0111a d\u1ea1ng c\u00e1c d\u00f2ng loa karaoke t\u1eeb ph\u1ed5 th\u00f4ng \u0111\u1ebfn cao c\u1ea5p, v\u1edbi c\u00f4ng su\u1ea5t m\u1ea1nh&#8230;<\/p>\n","protected":false},"author":1,"featured_media":159,"parent":0,"menu_order":0,"comment_status":"closed","ping_status":"closed","template":"","meta":{"footnotes":""},"class_list":["post-237","page","type-page","status-publish","has-post-thumbnail","hentry"],"yoast_head":"<!-- This site is optimized with the Yoast SEO plugin v24.6 - https:\/\/yoast.com\/wordpress\/plugins\/seo\/ -->\n<title>Mantis Audio - MANTIS Group<\/title>\n<meta name=\"robots\" content=\"noindex, follow, max-snippet:-1, max-image-preview:large, max-video-preview:-1\" \/>\n<meta property=\"og:locale\" content=\"en_US\" \/>\n<meta property=\"og:type\" content=\"article\" \/>\n<meta property=\"og:title\" content=\"Mantis Audio - MANTIS Group\" \/>\n<meta property=\"og:description\" content=\"S\u1ea3n ph\u1ea9m v\u00e0 d\u1ecbch v\u1ee5: Loa Karaoke Chuy\u00ean Nghi\u1ec7p: Ch\u00fang t\u00f4i chuy\u00ean cung c\u1ea5p \u0111a d\u1ea1ng c\u00e1c d\u00f2ng loa karaoke t\u1eeb ph\u1ed5 th\u00f4ng \u0111\u1ebfn cao c\u1ea5p, v\u1edbi c\u00f4ng su\u1ea5t m\u1ea1nh...\" \/>\n<meta property=\"og:url\" content=\"https:\/\/demowp.smartui.vn\/mantisgroup\/mantis-audio\/\" \/>\n<meta property=\"og:site_name\" content=\"MANTIS Group\" \/>\n<meta property=\"article:modified_time\" content=\"2025-05-22T02:16:38+00:00\" \/>\n<meta property=\"og:image\" content=\"https:\/\/demowp.smartui.vn\/mantisgroup\/wp-content\/uploads\/2025\/05\/img-14.png\" \/>\n\t<meta property=\"og:image:width\" content=\"1005\" \/>\n\t<meta property=\"og:image:height\" content=\"745\" \/>\n\t<meta property=\"og:image:type\" content=\"image\/png\" \/>\n<meta name=\"twitter:card\" content=\"summary_large_image\" \/>\n<meta name=\"twitter:label1\" content=\"Est. reading time\" \/>\n\t<meta name=\"twitter:data1\" content=\"2 minutes\" \/>\n<script type=\"application\/ld+json\" class=\"yoast-schema-graph\">{\"@context\":\"https:\/\/schema.org\",\"@graph\":[{\"@type\":\"WebPage\",\"@id\":\"https:\/\/demowp.smartui.vn\/mantisgroup\/mantis-audio\/\",\"url\":\"https:\/\/demowp.smartui.vn\/mantisgroup\/mantis-audio\/\",\"name\":\"Mantis Audio - MANTIS Group\",\"isPartOf\":{\"@id\":\"https:\/\/demowp.smartui.vn\/mantisgroup\/#website\"},\"primaryImageOfPage\":{\"@id\":\"https:\/\/demowp.smartui.vn\/mantisgroup\/mantis-audio\/#primaryimage\"},\"image\":{\"@id\":\"https:\/\/demowp.smartui.vn\/mantisgroup\/mantis-audio\/#primaryimage\"},\"thumbnailUrl\":\"https:\/\/demowp.smartui.vn\/mantisgroup\/wp-content\/uploads\/2025\/05\/img-14.png\",\"datePublished\":\"2025-05-05T08:47:14+00:00\",\"dateModified\":\"2025-05-22T02:16:38+00:00\",\"breadcrumb\":{\"@id\":\"https:\/\/demowp.smartui.vn\/mantisgroup\/mantis-audio\/#breadcrumb\"},\"inLanguage\":\"en-US\",\"potentialAction\":[{\"@type\":\"ReadAction\",\"target\":[\"https:\/\/demowp.smartui.vn\/mantisgroup\/mantis-audio\/\"]}]},{\"@type\":\"ImageObject\",\"inLanguage\":\"en-US\",\"@id\":\"https:\/\/demowp.smartui.vn\/mantisgroup\/mantis-audio\/#primaryimage\",\"url\":\"https:\/\/demowp.smartui.vn\/mantisgroup\/wp-content\/uploads\/2025\/05\/img-14.png\",\"contentUrl\":\"https:\/\/demowp.smartui.vn\/mantisgroup\/wp-content\/uploads\/2025\/05\/img-14.png\",\"width\":1005,\"height\":745},{\"@type\":\"BreadcrumbList\",\"@id\":\"https:\/\/demowp.smartui.vn\/mantisgroup\/mantis-audio\/#breadcrumb\",\"itemListElement\":[{\"@type\":\"ListItem\",\"position\":1,\"name\":\"Home\",\"item\":\"https:\/\/demowp.smartui.vn\/mantisgroup\/\"},{\"@type\":\"ListItem\",\"position\":2,\"name\":\"Mantis Audio\"}]},{\"@type\":\"WebSite\",\"@id\":\"https:\/\/demowp.smartui.vn\/mantisgroup\/#website\",\"url\":\"https:\/\/demowp.smartui.vn\/mantisgroup\/\",\"name\":\"MANTIS Group\",\"description\":\"Mantis Group\",\"publisher\":{\"@id\":\"https:\/\/demowp.smartui.vn\/mantisgroup\/#organization\"},\"potentialAction\":[{\"@type\":\"SearchAction\",\"target\":{\"@type\":\"EntryPoint\",\"urlTemplate\":\"https:\/\/demowp.smartui.vn\/mantisgroup\/?s={search_term_string}\"},\"query-input\":{\"@type\":\"PropertyValueSpecification\",\"valueRequired\":true,\"valueName\":\"search_term_string\"}}],\"inLanguage\":\"en-US\"},{\"@type\":\"Organization\",\"@id\":\"https:\/\/demowp.smartui.vn\/mantisgroup\/#organization\",\"name\":\"MANTIS Group\",\"url\":\"https:\/\/demowp.smartui.vn\/mantisgroup\/\",\"logo\":{\"@type\":\"ImageObject\",\"inLanguage\":\"en-US\",\"@id\":\"https:\/\/demowp.smartui.vn\/mantisgroup\/#\/schema\/logo\/image\/\",\"url\":\"https:\/\/demowp.smartui.vn\/mantisgroup\/wp-content\/uploads\/2024\/12\/logo.jpg\",\"contentUrl\":\"https:\/\/demowp.smartui.vn\/mantisgroup\/wp-content\/uploads\/2024\/12\/logo.jpg\",\"width\":156,\"height\":154,\"caption\":\"MANTIS Group\"},\"image\":{\"@id\":\"https:\/\/demowp.smartui.vn\/mantisgroup\/#\/schema\/logo\/image\/\"}}]}<\/script>\n<!-- \/ Yoast SEO plugin. -->","yoast_head_json":{"title":"Mantis Audio - MANTIS Group","robots":{"index":"noindex","follow":"follow","max-snippet":"max-snippet:-1","max-image-preview":"max-image-preview:large","max-video-preview":"max-video-preview:-1"},"og_locale":"en_US","og_type":"article","og_title":"Mantis Audio - MANTIS Group","og_description":"S\u1ea3n ph\u1ea9m v\u00e0 d\u1ecbch v\u1ee5: Loa Karaoke Chuy\u00ean Nghi\u1ec7p: Ch\u00fang t\u00f4i chuy\u00ean cung c\u1ea5p \u0111a d\u1ea1ng c\u00e1c d\u00f2ng loa karaoke t\u1eeb ph\u1ed5 th\u00f4ng \u0111\u1ebfn cao c\u1ea5p, v\u1edbi c\u00f4ng su\u1ea5t m\u1ea1nh...","og_url":"https:\/\/demowp.smartui.vn\/mantisgroup\/mantis-audio\/","og_site_name":"MANTIS Group","article_modified_time":"2025-05-22T02:16:38+00:00","og_image":[{"width":1005,"height":745,"url":"https:\/\/demowp.smartui.vn\/mantisgroup\/wp-content\/uploads\/2025\/05\/img-14.png","type":"image\/png"}],"twitter_card":"summary_large_image","twitter_misc":{"Est. reading time":"2 minutes"},"schema":{"@context":"https:\/\/schema.org","@graph":[{"@type":"WebPage","@id":"https:\/\/demowp.smartui.vn\/mantisgroup\/mantis-audio\/","url":"https:\/\/demowp.smartui.vn\/mantisgroup\/mantis-audio\/","name":"Mantis Audio - MANTIS Group","isPartOf":{"@id":"https:\/\/demowp.smartui.vn\/mantisgroup\/#website"},"primaryImageOfPage":{"@id":"https:\/\/demowp.smartui.vn\/mantisgroup\/mantis-audio\/#primaryimage"},"image":{"@id":"https:\/\/demowp.smartui.vn\/mantisgroup\/mantis-audio\/#primaryimage"},"thumbnailUrl":"https:\/\/demowp.smartui.vn\/mantisgroup\/wp-content\/uploads\/2025\/05\/img-14.png","datePublished":"2025-05-05T08:47:14+00:00","dateModified":"2025-05-22T02:16:38+00:00","breadcrumb":{"@id":"https:\/\/demowp.smartui.vn\/mantisgroup\/mantis-audio\/#breadcrumb"},"inLanguage":"en-US","potentialAction":[{"@type":"ReadAction","target":["https:\/\/demowp.smartui.vn\/mantisgroup\/mantis-audio\/"]}]},{"@type":"ImageObject","inLanguage":"en-US","@id":"https:\/\/demowp.smartui.vn\/mantisgroup\/mantis-audio\/#primaryimage","url":"https:\/\/demowp.smartui.vn\/mantisgroup\/wp-content\/uploads\/2025\/05\/img-14.png","contentUrl":"https:\/\/demowp.smartui.vn\/mantisgroup\/wp-content\/uploads\/2025\/05\/img-14.png","width":1005,"height":745},{"@type":"BreadcrumbList","@id":"https:\/\/demowp.smartui.vn\/mantisgroup\/mantis-audio\/#breadcrumb","itemListElement":[{"@type":"ListItem","position":1,"name":"Home","item":"https:\/\/demowp.smartui.vn\/mantisgroup\/"},{"@type":"ListItem","position":2,"name":"Mantis Audio"}]},{"@type":"WebSite","@id":"https:\/\/demowp.smartui.vn\/mantisgroup\/#website","url":"https:\/\/demowp.smartui.vn\/mantisgroup\/","name":"MANTIS Group","description":"Mantis Group","publisher":{"@id":"https:\/\/demowp.smartui.vn\/mantisgroup\/#organization"},"potentialAction":[{"@type":"SearchAction","target":{"@type":"EntryPoint","urlTemplate":"https:\/\/demowp.smartui.vn\/mantisgroup\/?s={search_term_string}"},"query-input":{"@type":"PropertyValueSpecification","valueRequired":true,"valueName":"search_term_string"}}],"inLanguage":"en-US"},{"@type":"Organization","@id":"https:\/\/demowp.smartui.vn\/mantisgroup\/#organization","name":"MANTIS Group","url":"https:\/\/demowp.smartui.vn\/mantisgroup\/","logo":{"@type":"ImageObject","inLanguage":"en-US","@id":"https:\/\/demowp.smartui.vn\/mantisgroup\/#\/schema\/logo\/image\/","url":"https:\/\/demowp.smartui.vn\/mantisgroup\/wp-content\/uploads\/2024\/12\/logo.jpg","contentUrl":"https:\/\/demowp.smartui.vn\/mantisgroup\/wp-content\/uploads\/2024\/12\/logo.jpg","width":156,"height":154,"caption":"MANTIS Group"},"image":{"@id":"https:\/\/demowp.smartui.vn\/mantisgroup\/#\/schema\/logo\/image\/"}}]}},"_links":{"self":[{"href":"https:\/\/demowp.smartui.vn\/mantisgroup\/wp-json\/wp\/v2\/pages\/237","targetHints":{"allow":["GET"]}}],"collection":[{"href":"https:\/\/demowp.smartui.vn\/mantisgroup\/wp-json\/wp\/v2\/pages"}],"about":[{"href":"https:\/\/demowp.smartui.vn\/mantisgroup\/wp-json\/wp\/v2\/types\/page"}],"author":[{"embeddable":true,"href":"https:\/\/demowp.smartui.vn\/mantisgroup\/wp-json\/wp\/v2\/users\/1"}],"replies":[{"embeddable":true,"href":"https:\/\/demowp.smartui.vn\/mantisgroup\/wp-json\/wp\/v2\/comments?post=237"}],"version-history":[{"count":0,"href":"https:\/\/demowp.smartui.vn\/mantisgroup\/wp-json\/wp\/v2\/pages\/237\/revisions"}],"wp:featuredmedia":[{"embeddable":true,"href":"https:\/\/demowp.smartui.vn\/mantisgroup\/wp-json\/wp\/v2\/media\/159"}],"wp:attachment":[{"href":"https:\/\/demowp.smartui.vn\/mantisgroup\/wp-json\/wp\/v2\/media?parent=237"}],"curies":[{"name":"wp","href":"https:\/\/api.w.org\/{rel}","templated":true}]}}