{"id":236,"date":"2025-05-05T15:43:20","date_gmt":"2025-05-05T08:43:20","guid":{"rendered":"http:\/\/localhost:8888\/mantisgroup\/?page_id=236"},"modified":"2025-05-06T17:50:38","modified_gmt":"2025-05-06T10:50:38","slug":"chi-nhanh","status":"publish","type":"page","link":"https:\/\/demowp.smartui.vn\/mantisgroup\/chi-nhanh\/","title":{"rendered":"Chi nh\u00e1nh"},"content":{"rendered":"<p><strong>\u0110\u1ecba ch\u1ec9 tr\u1ee5 s\u1edf:<\/strong> S\u1ed1 39 \u0110\u01b0\u1eddng s\u1ed1 1, Khu d\u00e2n c\u01b0 B\u00ecnh H\u01b0ng, X\u00e3 B\u00ecnh H\u01b0ng, Huy\u1ec7n<br \/>\nB\u00ecnh Ch\u00e1nh<br \/>\n<strong>Chi nh\u00e1nh 1:<\/strong> B5\/119K Qu\u1ed1c L\u1ed9 50, X\u00e3 Phong Ph\u00fa, Huy\u1ec7n B\u00ecnh Ch\u00e1nh<br \/>\n<strong>Chi nh\u00e1nh 2:<\/strong> E9\/263F, Qu\u1ed1c L\u1ed9 50, X\u00e3 Phong Ph\u00fa, Huy\u1ec7n B\u00ecnh Ch\u00e1nh<br \/>\n<strong>Chi nh\u00e1nh 3:<\/strong> S\u1ed1 05-07 \u0110\u01b0\u1eddng s\u1ed1 15, \u1ea4p 3, Khu d\u00e2n c\u01b0 B\u00ecnh H\u01b0ng, X\u00e3 B\u00ecnh H\u01b0ng,<br \/>\nHuy\u1ec7n B\u00ecnh Ch\u00e1nh<br \/>\n<strong>Chi nh\u00e1nh 4:<\/strong> S\u1ed1 55 \u0111\u01b0\u1eddng s\u1ed1 7, Khu d\u00e2n c\u01b0 B\u00ecnh H\u01b0ng, X\u00e3 B\u00ecnh H\u01b0ng, Huy\u1ec7n B\u00ecnh<br \/>\nCh\u00e1nh<br \/>\n<strong>Chi nh\u00e1nh 5:<\/strong> S\u1ed1 15, \u0110\u01b0\u1eddng s\u1ed1 8, Khu d\u00e2n c\u01b0 B\u00ecnh H\u01b0ng, X\u00e3 B\u00ecnh H\u01b0ng, Huy\u1ec7n<br \/>\nB\u00ecnh Ch\u00e1nh<br \/>\n<strong>Chi nh\u00e1nh 6:<\/strong> S\u1ed1 214 \u0110\u01b0\u1eddng S\u1ed1 13, Khu d\u00e2n c\u01b0 Phong Ph\u00fa 5, X\u00e3 Phong Ph\u00fa, B\u00ecnh<br \/>\nCh\u00e1nh<br \/>\n<strong>Chi nh\u00e1nh 7:<\/strong> S\u1ed1 27, \u0110\u01b0\u1eddng s\u1ed1 6, KDC Gia H\u00f2a , X\u00e3 Phong Ph\u00fa, Huy\u1ec7n B\u00ecnh Ch\u00e1nh,<br \/>\nTp H\u1ed3 Ch\u00ed Minh<br \/>\n<strong>\u0110i\u1ec7n tho\u1ea1i:<\/strong> 0834 611 694<br \/>\n<strong>Email:<\/strong> info@mantis.vn<\/p>\n","protected":false},"excerpt":{"rendered":"<p>\u0110\u1ecba ch\u1ec9 tr\u1ee5 s\u1edf: S\u1ed1 39 \u0110\u01b0\u1eddng s\u1ed1 1, Khu d\u00e2n c\u01b0 B\u00ecnh H\u01b0ng, X\u00e3 B\u00ecnh H\u01b0ng, Huy\u1ec7n B\u00ecnh Ch\u00e1nh Chi nh\u00e1nh 1: B5\/119K Qu\u1ed1c L\u1ed9 50, X\u00e3 Phong Ph\u00fa,&#8230;<\/p>\n","protected":false},"author":1,"featured_media":0,"parent":0,"menu_order":0,"comment_status":"closed","ping_status":"closed","template":"","meta":{"footnotes":""},"class_list":["post-236","page","type-page","status-publish","hentry"],"yoast_head":"<!-- This site is optimized with the Yoast SEO plugin v24.6 - https:\/\/yoast.com\/wordpress\/plugins\/seo\/ -->\n<title>Chi nh\u00e1nh - MANTIS Group<\/title>\n<meta name=\"robots\" content=\"noindex, follow, max-snippet:-1, max-image-preview:large, max-video-preview:-1\" \/>\n<meta property=\"og:locale\" content=\"en_US\" \/>\n<meta property=\"og:type\" content=\"article\" \/>\n<meta property=\"og:title\" content=\"Chi nh\u00e1nh - MANTIS Group\" \/>\n<meta property=\"og:description\" content=\"\u0110\u1ecba ch\u1ec9 tr\u1ee5 s\u1edf: S\u1ed1 39 \u0110\u01b0\u1eddng s\u1ed1 1, Khu d\u00e2n c\u01b0 B\u00ecnh H\u01b0ng, X\u00e3 B\u00ecnh H\u01b0ng, Huy\u1ec7n B\u00ecnh Ch\u00e1nh Chi nh\u00e1nh 1: B5\/119K Qu\u1ed1c L\u1ed9 50, X\u00e3 Phong Ph\u00fa,...\" \/>\n<meta property=\"og:url\" content=\"https:\/\/demowp.smartui.vn\/mantisgroup\/chi-nhanh\/\" \/>\n<meta property=\"og:site_name\" content=\"MANTIS Group\" \/>\n<meta property=\"article:modified_time\" content=\"2025-05-06T10:50:38+00:00\" \/>\n<meta name=\"twitter:card\" content=\"summary_large_image\" \/>\n<meta name=\"twitter:label1\" content=\"Est. reading time\" \/>\n\t<meta name=\"twitter:data1\" content=\"1 minute\" \/>\n<script type=\"application\/ld+json\" class=\"yoast-schema-graph\">{\"@context\":\"https:\/\/schema.org\",\"@graph\":[{\"@type\":\"WebPage\",\"@id\":\"https:\/\/demowp.smartui.vn\/mantisgroup\/chi-nhanh\/\",\"url\":\"https:\/\/demowp.smartui.vn\/mantisgroup\/chi-nhanh\/\",\"name\":\"Chi nh\u00e1nh - MANTIS Group\",\"isPartOf\":{\"@id\":\"https:\/\/demowp.smartui.vn\/mantisgroup\/#website\"},\"datePublished\":\"2025-05-05T08:43:20+00:00\",\"dateModified\":\"2025-05-06T10:50:38+00:00\",\"breadcrumb\":{\"@id\":\"https:\/\/demowp.smartui.vn\/mantisgroup\/chi-nhanh\/#breadcrumb\"},\"inLanguage\":\"en-US\",\"potentialAction\":[{\"@type\":\"ReadAction\",\"target\":[\"https:\/\/demowp.smartui.vn\/mantisgroup\/chi-nhanh\/\"]}]},{\"@type\":\"BreadcrumbList\",\"@id\":\"https:\/\/demowp.smartui.vn\/mantisgroup\/chi-nhanh\/#breadcrumb\",\"itemListElement\":[{\"@type\":\"ListItem\",\"position\":1,\"name\":\"Home\",\"item\":\"https:\/\/demowp.smartui.vn\/mantisgroup\/\"},{\"@type\":\"ListItem\",\"position\":2,\"name\":\"Chi nh\u00e1nh\"}]},{\"@type\":\"WebSite\",\"@id\":\"https:\/\/demowp.smartui.vn\/mantisgroup\/#website\",\"url\":\"https:\/\/demowp.smartui.vn\/mantisgroup\/\",\"name\":\"MANTIS Group\",\"description\":\"Mantis Group\",\"publisher\":{\"@id\":\"https:\/\/demowp.smartui.vn\/mantisgroup\/#organization\"},\"potentialAction\":[{\"@type\":\"SearchAction\",\"target\":{\"@type\":\"EntryPoint\",\"urlTemplate\":\"https:\/\/demowp.smartui.vn\/mantisgroup\/?s={search_term_string}\"},\"query-input\":{\"@type\":\"PropertyValueSpecification\",\"valueRequired\":true,\"valueName\":\"search_term_string\"}}],\"inLanguage\":\"en-US\"},{\"@type\":\"Organization\",\"@id\":\"https:\/\/demowp.smartui.vn\/mantisgroup\/#organization\",\"name\":\"MANTIS Group\",\"url\":\"https:\/\/demowp.smartui.vn\/mantisgroup\/\",\"logo\":{\"@type\":\"ImageObject\",\"inLanguage\":\"en-US\",\"@id\":\"https:\/\/demowp.smartui.vn\/mantisgroup\/#\/schema\/logo\/image\/\",\"url\":\"https:\/\/demowp.smartui.vn\/mantisgroup\/wp-content\/uploads\/2024\/12\/logo.jpg\",\"contentUrl\":\"https:\/\/demowp.smartui.vn\/mantisgroup\/wp-content\/uploads\/2024\/12\/logo.jpg\",\"width\":156,\"height\":154,\"caption\":\"MANTIS Group\"},\"image\":{\"@id\":\"https:\/\/demowp.smartui.vn\/mantisgroup\/#\/schema\/logo\/image\/\"}}]}<\/script>\n<!-- \/ Yoast SEO plugin. -->","yoast_head_json":{"title":"Chi nh\u00e1nh - MANTIS Group","robots":{"index":"noindex","follow":"follow","max-snippet":"max-snippet:-1","max-image-preview":"max-image-preview:large","max-video-preview":"max-video-preview:-1"},"og_locale":"en_US","og_type":"article","og_title":"Chi nh\u00e1nh - MANTIS Group","og_description":"\u0110\u1ecba ch\u1ec9 tr\u1ee5 s\u1edf: S\u1ed1 39 \u0110\u01b0\u1eddng s\u1ed1 1, Khu d\u00e2n c\u01b0 B\u00ecnh H\u01b0ng, X\u00e3 B\u00ecnh H\u01b0ng, Huy\u1ec7n B\u00ecnh Ch\u00e1nh Chi nh\u00e1nh 1: B5\/119K Qu\u1ed1c L\u1ed9 50, X\u00e3 Phong Ph\u00fa,...","og_url":"https:\/\/demowp.smartui.vn\/mantisgroup\/chi-nhanh\/","og_site_name":"MANTIS Group","article_modified_time":"2025-05-06T10:50:38+00:00","twitter_card":"summary_large_image","twitter_misc":{"Est. reading time":"1 minute"},"schema":{"@context":"https:\/\/schema.org","@graph":[{"@type":"WebPage","@id":"https:\/\/demowp.smartui.vn\/mantisgroup\/chi-nhanh\/","url":"https:\/\/demowp.smartui.vn\/mantisgroup\/chi-nhanh\/","name":"Chi nh\u00e1nh - MANTIS Group","isPartOf":{"@id":"https:\/\/demowp.smartui.vn\/mantisgroup\/#website"},"datePublished":"2025-05-05T08:43:20+00:00","dateModified":"2025-05-06T10:50:38+00:00","breadcrumb":{"@id":"https:\/\/demowp.smartui.vn\/mantisgroup\/chi-nhanh\/#breadcrumb"},"inLanguage":"en-US","potentialAction":[{"@type":"ReadAction","target":["https:\/\/demowp.smartui.vn\/mantisgroup\/chi-nhanh\/"]}]},{"@type":"BreadcrumbList","@id":"https:\/\/demowp.smartui.vn\/mantisgroup\/chi-nhanh\/#breadcrumb","itemListElement":[{"@type":"ListItem","position":1,"name":"Home","item":"https:\/\/demowp.smartui.vn\/mantisgroup\/"},{"@type":"ListItem","position":2,"name":"Chi nh\u00e1nh"}]},{"@type":"WebSite","@id":"https:\/\/demowp.smartui.vn\/mantisgroup\/#website","url":"https:\/\/demowp.smartui.vn\/mantisgroup\/","name":"MANTIS Group","description":"Mantis Group","publisher":{"@id":"https:\/\/demowp.smartui.vn\/mantisgroup\/#organization"},"potentialAction":[{"@type":"SearchAction","target":{"@type":"EntryPoint","urlTemplate":"https:\/\/demowp.smartui.vn\/mantisgroup\/?s={search_term_string}"},"query-input":{"@type":"PropertyValueSpecification","valueRequired":true,"valueName":"search_term_string"}}],"inLanguage":"en-US"},{"@type":"Organization","@id":"https:\/\/demowp.smartui.vn\/mantisgroup\/#organization","name":"MANTIS Group","url":"https:\/\/demowp.smartui.vn\/mantisgroup\/","logo":{"@type":"ImageObject","inLanguage":"en-US","@id":"https:\/\/demowp.smartui.vn\/mantisgroup\/#\/schema\/logo\/image\/","url":"https:\/\/demowp.smartui.vn\/mantisgroup\/wp-content\/uploads\/2024\/12\/logo.jpg","contentUrl":"https:\/\/demowp.smartui.vn\/mantisgroup\/wp-content\/uploads\/2024\/12\/logo.jpg","width":156,"height":154,"caption":"MANTIS Group"},"image":{"@id":"https:\/\/demowp.smartui.vn\/mantisgroup\/#\/schema\/logo\/image\/"}}]}},"_links":{"self":[{"href":"https:\/\/demowp.smartui.vn\/mantisgroup\/wp-json\/wp\/v2\/pages\/236","targetHints":{"allow":["GET"]}}],"collection":[{"href":"https:\/\/demowp.smartui.vn\/mantisgroup\/wp-json\/wp\/v2\/pages"}],"about":[{"href":"https:\/\/demowp.smartui.vn\/mantisgroup\/wp-json\/wp\/v2\/types\/page"}],"author":[{"embeddable":true,"href":"https:\/\/demowp.smartui.vn\/mantisgroup\/wp-json\/wp\/v2\/users\/1"}],"replies":[{"embeddable":true,"href":"https:\/\/demowp.smartui.vn\/mantisgroup\/wp-json\/wp\/v2\/comments?post=236"}],"version-history":[{"count":0,"href":"https:\/\/demowp.smartui.vn\/mantisgroup\/wp-json\/wp\/v2\/pages\/236\/revisions"}],"wp:attachment":[{"href":"https:\/\/demowp.smartui.vn\/mantisgroup\/wp-json\/wp\/v2\/media?parent=236"}],"curies":[{"name":"wp","href":"https:\/\/api.w.org\/{rel}","templated":true}]}}